{"id":537,"date":"2022-01-17T01:38:57","date_gmt":"2022-01-17T00:38:57","guid":{"rendered":"https:\/\/topanica.ch\/?page_id=537"},"modified":"2022-11-12T13:53:10","modified_gmt":"2022-11-12T12:53:10","slug":"shoqata","status":"publish","type":"page","link":"https:\/\/topanica.ch\/de\/shoqata\/","title":{"rendered":"SHOQATA"},"content":{"rendered":"<p>2024=1 Antar\u00eb<br \/>\n\t\t\t\t\t\t2023=4 Antar\u00eb<br \/>\n\t\t\t\t\t\t2022=97 Antar\u00eb<br \/>\n\t\t\t\t\t\t2021=112 Antar\u00eb<br \/>\n\t\t\t\t\t\t2020=122 Antar\u00eb<br \/>\n\t\t\t\t\t\t2019=134 Antar\u00eb<br \/>\n\t\t\t\t\t\t2018=142 Antar\u00eb<br \/>\n\t\t\t\t\t\t2017=132 Antar\u00eb<br \/>\n\t\t\t\t\t\t2016=122 Antar\u00eb<br \/>\n\t\t\t\t\t\t2015=116 Antar\u00eb<br \/>\n\t\t\t\t\t\t2014=110 Antar\u00eb<\/p>\n<h2>LINQET SOCIALE<\/h2>\n<p>\t\t\t\t\t<a href=\"https:\/\/www.facebook.com\/shoqata.topanica\/\" target=\"_blank\" rel=\"noopener\"><br \/>\n\t\t\t\t\t\tFacebook<br \/>\n\t\t\t\t\t\t<svg viewbox=\"0 0 512 512\" xmlns=\"http:\/\/www.w3.org\/2000\/svg\"><path d=\"M504 256C504 119 393 8 256 8S8 119 8 256c0 123.78 90.69 226.38 209.25 245V327.69h-63V256h63v-54.64c0-62.15 37-96.48 93.67-96.48 27.14 0 55.52 4.84 55.52 4.84v61h-31.28c-30.8 0-40.41 19.12-40.41 38.73V256h68.78l-11 71.69h-57.78V501C413.31 482.38 504 379.78 504 256z\"><\/path><\/svg>\t\t\t\t\t<\/a><br \/>\n\t\t\t\t\t<a target=\"_blank\" rel=\"noopener\"><br \/>\n\t\t\t\t\t\tInstagram<br \/>\n\t\t\t\t\t\t<svg viewbox=\"0 0 448 512\" xmlns=\"http:\/\/www.w3.org\/2000\/svg\"><path d=\"M224.1 141c-63.6 0-114.9 51.3-114.9 114.9s51.3 114.9 114.9 114.9S339 319.5 339 255.9 287.7 141 224.1 141zm0 189.6c-41.1 0-74.7-33.5-74.7-74.7s33.5-74.7 74.7-74.7 74.7 33.5 74.7 74.7-33.6 74.7-74.7 74.7zm146.4-194.3c0 14.9-12 26.8-26.8 26.8-14.9 0-26.8-12-26.8-26.8s12-26.8 26.8-26.8 26.8 12 26.8 26.8zm76.1 27.2c-1.7-35.9-9.9-67.7-36.2-93.9-26.2-26.2-58-34.4-93.9-36.2-37-2.1-147.9-2.1-184.9 0-35.8 1.7-67.6 9.9-93.9 36.1s-34.4 58-36.2 93.9c-2.1 37-2.1 147.9 0 184.9 1.7 35.9 9.9 67.7 36.2 93.9s58 34.4 93.9 36.2c37 2.1 147.9 2.1 184.9 0 35.9-1.7 67.7-9.9 93.9-36.2 26.2-26.2 34.4-58 36.2-93.9 2.1-37 2.1-147.8 0-184.8zM398.8 388c-7.8 19.6-22.9 34.7-42.6 42.6-29.5 11.7-99.5 9-132.1 9s-102.7 2.6-132.1-9c-19.6-7.8-34.7-22.9-42.6-42.6-11.7-29.5-9-99.5-9-132.1s-2.6-102.7 9-132.1c7.8-19.6 22.9-34.7 42.6-42.6 29.5-11.7 99.5-9 132.1-9s102.7-2.6 132.1 9c19.6 7.8 34.7 22.9 42.6 42.6 11.7 29.5 9 99.5 9 132.1s2.7 102.7-9 132.1z\"><\/path><\/svg>\t\t\t\t\t<\/a><br \/>\n\t\t\t\t\t<a target=\"_blank\" rel=\"noopener\"><br \/>\n\t\t\t\t\t\tTwitter<br \/>\n\t\t\t\t\t\t<svg viewbox=\"0 0 512 512\" xmlns=\"http:\/\/www.w3.org\/2000\/svg\"><path d=\"M459.37 151.716c.325 4.548.325 9.097.325 13.645 0 138.72-105.583 298.558-298.558 298.558-59.452 0-114.68-17.219-161.137-47.106 8.447.974 16.568 1.299 25.34 1.299 49.055 0 94.213-16.568 130.274-44.832-46.132-.975-84.792-31.188-98.112-72.772 6.498.974 12.995 1.624 19.818 1.624 9.421 0 18.843-1.3 27.614-3.573-48.081-9.747-84.143-51.98-84.143-102.985v-1.299c13.969 7.797 30.214 12.67 47.431 13.319-28.264-18.843-46.781-51.005-46.781-87.391 0-19.492 5.197-37.36 14.294-52.954 51.655 63.675 129.3 105.258 216.365 109.807-1.624-7.797-2.599-15.918-2.599-24.04 0-57.828 46.782-104.934 104.934-104.934 30.213 0 57.502 12.67 76.67 33.137 23.715-4.548 46.456-13.32 66.599-25.34-7.798 24.366-24.366 44.833-46.132 57.827 21.117-2.273 41.584-8.122 60.426-16.243-14.292 20.791-32.161 39.308-52.628 54.253z\"><\/path><\/svg>\t\t\t\t\t<\/a><\/p>\n<h2>POSTIMET E FUNDIT<\/h2>\n<ul>\n<li>\n\t\t\t\t\t\t\t\t\t\t\t<a href=\"#\"><br \/>\n\t\t\t\t\t\t\t\t\t\t\t<\/a>\n\t\t\t\t\t\t\t\t\t<\/li>\n<\/ul>\n<ul>\n<li>\n\t\t\t\t\t\t\t\t\t\t\t<a href=\"https:\/\/topanica.ch\/de\/kuvendi-i-shtat\/\"><br \/>\n\t\t\t\t\t\t\t\t\t\t\tKuvendi i 7<br \/>\n\t\t\t\t\t\t\t\t\t\t\t<\/a>\n\t\t\t\t\t\t\t\t\t<\/li>\n<\/ul>\n<ul>\n<li>\n\t\t\t\t\t\t\t\t\t\t\t<a href=\"#\"><br \/>\n\t\t\t\t\t\t\t\t\t\t\tKuvendi i 6<br \/>\n\t\t\t\t\t\t\t\t\t\t\t<\/a>\n\t\t\t\t\t\t\t\t\t<\/li>\n<\/ul>\n<ul>\n<li>\n\t\t\t\t\t\t\t\t\t\t\t<a href=\"#\"><br \/>\n\t\t\t\t\t\t\t\t\t\t\tKuvendi i 5<br \/>\n\t\t\t\t\t\t\t\t\t\t\t<\/a>\n\t\t\t\t\t\t\t\t\t<\/li>\n<\/ul>\n<h2>KATEGORIAT<\/h2>\n<ul>\n<li>\n\t\t\t\t\t\t\t\t\t\t\t<a href=\"https:\/\/topanica.ch\/de\/aktuale\/\"><br \/>\n\t\t\t\t\t\t\t\t\t\t\tAktualitete<br \/>\n\t\t\t\t\t\t\t\t\t\t\t<\/a>\n\t\t\t\t\t\t\t\t\t<\/li>\n<\/ul>\n<ul>\n<li>\n\t\t\t\t\t\t\t\t\t\t\t<a href=\"https:\/\/topanica.ch\/de\/shoqata\/\"><br \/>\n\t\t\t\t\t\t\t\t\t\t\tAntaret<br \/>\n\t\t\t\t\t\t\t\t\t\t\t<\/a>\n\t\t\t\t\t\t\t\t\t<\/li>\n<\/ul>\n<ul>\n<li>\n\t\t\t\t\t\t\t\t\t\t\t<a href=\"https:\/\/topanica.ch\/de\/statuti\/\"><br \/>\n\t\t\t\t\t\t\t\t\t\t\tStatuti<br \/>\n\t\t\t\t\t\t\t\t\t\t\t<\/a>\n\t\t\t\t\t\t\t\t\t<\/li>\n<\/ul>\n<ul>\n<li>\n\t\t\t\t\t\t\t\t\t\t\t<a href=\"https:\/\/topanica.ch\/de\/kryesia-e-shoqates-topanica-2022-2024\/\"><br \/>\n\t\t\t\t\t\t\t\t\t\t\tKryesia<br \/>\n\t\t\t\t\t\t\t\t\t\t\t<\/a>\n\t\t\t\t\t\t\t\t\t<\/li>\n<\/ul>\n<ul>\n<li>\n\t\t\t\t\t\t\t\t\t\t\t<a href=\"https:\/\/topanica.ch\/de\/bank-konto\/\"><br \/>\n\t\t\t\t\t\t\t\t\t\t\tBANK-Konto<br \/>\n\t\t\t\t\t\t\t\t\t\t\t<\/a>\n\t\t\t\t\t\t\t\t\t<\/li>\n<\/ul>\n<h2>PROJEKTET<\/h2>\n<ul>\n<li>\n\t\t\t\t\t\t\t\t\t\t\t<a href=\"https:\/\/topanica.ch\/de\/oda-e-fshatit\/\"><br \/>\n\t\t\t\t\t\t\t\t\t\t\tOda e Fshatit<br \/>\n\t\t\t\t\t\t\t\t\t\t\t<\/a>\n\t\t\t\t\t\t\t\t\t<\/li>\n<\/ul>\n<ul>\n<li>\n\t\t\t\t\t\t\t\t\t\t\t<a href=\"https:\/\/topanica.ch\/de\/oda-e-fshatit\/\"><br \/>\n\t\t\t\t\t\t\t\t\t\t\tKapella<br \/>\n\t\t\t\t\t\t\t\t\t\t\t<\/a>\n\t\t\t\t\t\t\t\t\t<\/li>\n<\/ul>\n<ul>\n<li>\n\t\t\t\t\t\t\t\t\t\t\t<a href=\"https:\/\/topanica.ch\/de\/oda-e-fshatit\/\"><br \/>\n\t\t\t\t\t\t\t\t\t\t\tMirmbajtja e Fshatit<br \/>\n\t\t\t\t\t\t\t\t\t\t\t<\/a>\n\t\t\t\t\t\t\t\t\t<\/li>\n<\/ul>","protected":false},"excerpt":{"rendered":"<p>2024=1 Antar\u00eb 2023=4 Antar\u00eb 2022=97 Antar\u00eb 2021=112 Antar\u00eb 2020=122 Antar\u00eb 2019=134 Antar\u00eb 2018=142 Antar\u00eb 2017=132 Antar\u00eb 2016=122 Antar\u00eb 2015=116 Antar\u00eb 2014=110 Antar\u00eb LINQET SOCIALE Facebook Instagram Twitter POSTIMET E FUNDIT Kuvendi i 7 Kuvendi i 6 Kuvendi i 5 KATEGORIAT Aktualitete Antaret Statuti Kryesia BANK-Konto PROJEKTET Oda e Fshatit Kapella Mirmbajtja e Fshatit<\/p>","protected":false},"author":1,"featured_media":0,"parent":0,"menu_order":0,"comment_status":"closed","ping_status":"closed","template":"","meta":{"ocean_post_layout":"","ocean_both_sidebars_style":"","ocean_both_sidebars_content_width":0,"ocean_both_sidebars_sidebars_width":0,"ocean_sidebar":"","ocean_second_sidebar":"","ocean_disable_margins":"enable","ocean_add_body_class":"","ocean_shortcode_before_top_bar":"","ocean_shortcode_after_top_bar":"","ocean_shortcode_before_header":"","ocean_shortcode_after_header":"","ocean_has_shortcode":"","ocean_shortcode_after_title":"","ocean_shortcode_before_footer_widgets":"","ocean_shortcode_after_footer_widgets":"","ocean_shortcode_before_footer_bottom":"","ocean_shortcode_after_footer_bottom":"","ocean_display_top_bar":"default","ocean_display_header":"default","ocean_header_style":"","ocean_center_header_left_menu":"","ocean_custom_header_template":"","ocean_custom_logo":0,"ocean_custom_retina_logo":0,"ocean_custom_logo_max_width":0,"ocean_custom_logo_tablet_max_width":0,"ocean_custom_logo_mobile_max_width":0,"ocean_custom_logo_max_height":0,"ocean_custom_logo_tablet_max_height":0,"ocean_custom_logo_mobile_max_height":0,"ocean_header_custom_menu":"","ocean_menu_typo_font_family":"","ocean_menu_typo_font_subset":"","ocean_menu_typo_font_size":0,"ocean_menu_typo_font_size_tablet":0,"ocean_menu_typo_font_size_mobile":0,"ocean_menu_typo_font_size_unit":"px","ocean_menu_typo_font_weight":"","ocean_menu_typo_font_weight_tablet":"","ocean_menu_typo_font_weight_mobile":"","ocean_menu_typo_transform":"","ocean_menu_typo_transform_tablet":"","ocean_menu_typo_transform_mobile":"","ocean_menu_typo_line_height":0,"ocean_menu_typo_line_height_tablet":0,"ocean_menu_typo_line_height_mobile":0,"ocean_menu_typo_line_height_unit":"","ocean_menu_typo_spacing":0,"ocean_menu_typo_spacing_tablet":0,"ocean_menu_typo_spacing_mobile":0,"ocean_menu_typo_spacing_unit":"","ocean_menu_link_color":"","ocean_menu_link_color_hover":"","ocean_menu_link_color_active":"","ocean_menu_link_background":"","ocean_menu_link_hover_background":"","ocean_menu_link_active_background":"","ocean_menu_social_links_bg":"","ocean_menu_social_hover_links_bg":"","ocean_menu_social_links_color":"","ocean_menu_social_hover_links_color":"","ocean_disable_title":"default","ocean_disable_heading":"default","ocean_post_title":"","ocean_post_subheading":"","ocean_post_title_style":"","ocean_post_title_background_color":"","ocean_post_title_background":0,"ocean_post_title_bg_image_position":"","ocean_post_title_bg_image_attachment":"","ocean_post_title_bg_image_repeat":"","ocean_post_title_bg_image_size":"","ocean_post_title_height":0,"ocean_post_title_bg_overlay":0.5,"ocean_post_title_bg_overlay_color":"","ocean_disable_breadcrumbs":"default","ocean_breadcrumbs_color":"","ocean_breadcrumbs_separator_color":"","ocean_breadcrumbs_links_color":"","ocean_breadcrumbs_links_hover_color":"","ocean_display_footer_widgets":"default","ocean_display_footer_bottom":"default","ocean_custom_footer_template":"","footnotes":""},"class_list":["post-537","page","type-page","status-publish","hentry","entry"],"yoast_head":"<!-- This site is optimized with the Yoast SEO plugin v24.5 - https:\/\/yoast.com\/wordpress\/plugins\/seo\/ -->\r\n<title>SHOQATA - Shoqata Topanica<\/title>\r\n<meta name=\"robots\" content=\"index, follow, max-snippet:-1, max-image-preview:large, max-video-preview:-1\" \/>\r\n<link rel=\"canonical\" href=\"https:\/\/topanica.ch\/de\/shoqata\/\" \/>\r\n<meta property=\"og:locale\" content=\"de_DE\" \/>\r\n<meta property=\"og:type\" content=\"article\" \/>\r\n<meta property=\"og:title\" content=\"SHOQATA - Shoqata Topanica\" \/>\r\n<meta property=\"og:description\" content=\"2024=1 Antar\u00eb 2023=4 Antar\u00eb 2022=97 Antar\u00eb 2021=112 Antar\u00eb 2020=122 Antar\u00eb 2019=134 Antar\u00eb 2018=142 Antar\u00eb 2017=132 Antar\u00eb 2016=122 Antar\u00eb 2015=116 Antar\u00eb 2014=110 Antar\u00eb LINQET SOCIALE Facebook Instagram Twitter POSTIMET E FUNDIT Kuvendi i 7 Kuvendi i 6 Kuvendi i 5 KATEGORIAT Aktualitete Antaret Statuti Kryesia BANK-Konto PROJEKTET Oda e Fshatit Kapella Mirmbajtja e Fshatit\" \/>\r\n<meta property=\"og:url\" content=\"https:\/\/topanica.ch\/de\/shoqata\/\" \/>\r\n<meta property=\"og:site_name\" content=\"Shoqata Topanica\" \/>\r\n<meta property=\"article:publisher\" content=\"https:\/\/www.facebook.com\/shoqata.topanica\/\" \/>\r\n<meta property=\"article:modified_time\" content=\"2022-11-12T12:53:10+00:00\" \/>\r\n<meta name=\"twitter:card\" content=\"summary_large_image\" \/>\r\n<script type=\"application\/ld+json\" class=\"yoast-schema-graph\">{\"@context\":\"https:\/\/schema.org\",\"@graph\":[{\"@type\":\"WebPage\",\"@id\":\"https:\/\/topanica.ch\/shoqata\/\",\"url\":\"https:\/\/topanica.ch\/shoqata\/\",\"name\":\"SHOQATA - Shoqata Topanica\",\"isPartOf\":{\"@id\":\"https:\/\/topanica.ch\/#website\"},\"datePublished\":\"2022-01-17T00:38:57+00:00\",\"dateModified\":\"2022-11-12T12:53:10+00:00\",\"breadcrumb\":{\"@id\":\"https:\/\/topanica.ch\/shoqata\/#breadcrumb\"},\"inLanguage\":\"de-CH\",\"potentialAction\":[{\"@type\":\"ReadAction\",\"target\":[\"https:\/\/topanica.ch\/shoqata\/\"]}]},{\"@type\":\"BreadcrumbList\",\"@id\":\"https:\/\/topanica.ch\/shoqata\/#breadcrumb\",\"itemListElement\":[{\"@type\":\"ListItem\",\"position\":1,\"name\":\"Home\",\"item\":\"https:\/\/topanica.ch\/\"},{\"@type\":\"ListItem\",\"position\":2,\"name\":\"SHOQATA\"}]},{\"@type\":\"WebSite\",\"@id\":\"https:\/\/topanica.ch\/#website\",\"url\":\"https:\/\/topanica.ch\/\",\"name\":\"Shoqata Topanica\",\"description\":\"\",\"publisher\":{\"@id\":\"https:\/\/topanica.ch\/#organization\"},\"potentialAction\":[{\"@type\":\"SearchAction\",\"target\":{\"@type\":\"EntryPoint\",\"urlTemplate\":\"https:\/\/topanica.ch\/?s={search_term_string}\"},\"query-input\":{\"@type\":\"PropertyValueSpecification\",\"valueRequired\":true,\"valueName\":\"search_term_string\"}}],\"inLanguage\":\"de-CH\"},{\"@type\":\"Organization\",\"@id\":\"https:\/\/topanica.ch\/#organization\",\"name\":\"Topanica\",\"url\":\"https:\/\/topanica.ch\/\",\"logo\":{\"@type\":\"ImageObject\",\"inLanguage\":\"de-CH\",\"@id\":\"https:\/\/topanica.ch\/#\/schema\/logo\/image\/\",\"url\":\"https:\/\/topanica.ch\/wp-content\/uploads\/2022\/01\/cropped-topanicaLogo_Shoqata_Topanica_Transparent-e1642349510758.png\",\"contentUrl\":\"https:\/\/topanica.ch\/wp-content\/uploads\/2022\/01\/cropped-topanicaLogo_Shoqata_Topanica_Transparent-e1642349510758.png\",\"width\":120,\"height\":111,\"caption\":\"Topanica\"},\"image\":{\"@id\":\"https:\/\/topanica.ch\/#\/schema\/logo\/image\/\"},\"sameAs\":[\"https:\/\/www.facebook.com\/shoqata.topanica\/\"]}]}<\/script>\r\n<!-- \/ Yoast SEO plugin. -->","yoast_head_json":{"title":"SHOQATA - Shoqata Topanica","robots":{"index":"index","follow":"follow","max-snippet":"max-snippet:-1","max-image-preview":"max-image-preview:large","max-video-preview":"max-video-preview:-1"},"canonical":"https:\/\/topanica.ch\/de\/shoqata\/","og_locale":"de_DE","og_type":"article","og_title":"SHOQATA - Shoqata Topanica","og_description":"2024=1 Antar\u00eb 2023=4 Antar\u00eb 2022=97 Antar\u00eb 2021=112 Antar\u00eb 2020=122 Antar\u00eb 2019=134 Antar\u00eb 2018=142 Antar\u00eb 2017=132 Antar\u00eb 2016=122 Antar\u00eb 2015=116 Antar\u00eb 2014=110 Antar\u00eb LINQET SOCIALE Facebook Instagram Twitter POSTIMET E FUNDIT Kuvendi i 7 Kuvendi i 6 Kuvendi i 5 KATEGORIAT Aktualitete Antaret Statuti Kryesia BANK-Konto PROJEKTET Oda e Fshatit Kapella Mirmbajtja e Fshatit","og_url":"https:\/\/topanica.ch\/de\/shoqata\/","og_site_name":"Shoqata Topanica","article_publisher":"https:\/\/www.facebook.com\/shoqata.topanica\/","article_modified_time":"2022-11-12T12:53:10+00:00","twitter_card":"summary_large_image","schema":{"@context":"https:\/\/schema.org","@graph":[{"@type":"WebPage","@id":"https:\/\/topanica.ch\/shoqata\/","url":"https:\/\/topanica.ch\/shoqata\/","name":"SHOQATA - Shoqata Topanica","isPartOf":{"@id":"https:\/\/topanica.ch\/#website"},"datePublished":"2022-01-17T00:38:57+00:00","dateModified":"2022-11-12T12:53:10+00:00","breadcrumb":{"@id":"https:\/\/topanica.ch\/shoqata\/#breadcrumb"},"inLanguage":"de-CH","potentialAction":[{"@type":"ReadAction","target":["https:\/\/topanica.ch\/shoqata\/"]}]},{"@type":"BreadcrumbList","@id":"https:\/\/topanica.ch\/shoqata\/#breadcrumb","itemListElement":[{"@type":"ListItem","position":1,"name":"Home","item":"https:\/\/topanica.ch\/"},{"@type":"ListItem","position":2,"name":"SHOQATA"}]},{"@type":"WebSite","@id":"https:\/\/topanica.ch\/#website","url":"https:\/\/topanica.ch\/","name":"Shoqata Topanica","description":"","publisher":{"@id":"https:\/\/topanica.ch\/#organization"},"potentialAction":[{"@type":"SearchAction","target":{"@type":"EntryPoint","urlTemplate":"https:\/\/topanica.ch\/?s={search_term_string}"},"query-input":{"@type":"PropertyValueSpecification","valueRequired":true,"valueName":"search_term_string"}}],"inLanguage":"de-CH"},{"@type":"Organization","@id":"https:\/\/topanica.ch\/#organization","name":"Topanica","url":"https:\/\/topanica.ch\/","logo":{"@type":"ImageObject","inLanguage":"de-CH","@id":"https:\/\/topanica.ch\/#\/schema\/logo\/image\/","url":"https:\/\/topanica.ch\/wp-content\/uploads\/2022\/01\/cropped-topanicaLogo_Shoqata_Topanica_Transparent-e1642349510758.png","contentUrl":"https:\/\/topanica.ch\/wp-content\/uploads\/2022\/01\/cropped-topanicaLogo_Shoqata_Topanica_Transparent-e1642349510758.png","width":120,"height":111,"caption":"Topanica"},"image":{"@id":"https:\/\/topanica.ch\/#\/schema\/logo\/image\/"},"sameAs":["https:\/\/www.facebook.com\/shoqata.topanica\/"]}]}},"_links":{"self":[{"href":"https:\/\/topanica.ch\/de\/wp-json\/wp\/v2\/pages\/537","targetHints":{"allow":["GET"]}}],"collection":[{"href":"https:\/\/topanica.ch\/de\/wp-json\/wp\/v2\/pages"}],"about":[{"href":"https:\/\/topanica.ch\/de\/wp-json\/wp\/v2\/types\/page"}],"author":[{"embeddable":true,"href":"https:\/\/topanica.ch\/de\/wp-json\/wp\/v2\/users\/1"}],"replies":[{"embeddable":true,"href":"https:\/\/topanica.ch\/de\/wp-json\/wp\/v2\/comments?post=537"}],"version-history":[{"count":63,"href":"https:\/\/topanica.ch\/de\/wp-json\/wp\/v2\/pages\/537\/revisions"}],"predecessor-version":[{"id":5900,"href":"https:\/\/topanica.ch\/de\/wp-json\/wp\/v2\/pages\/537\/revisions\/5900"}],"wp:attachment":[{"href":"https:\/\/topanica.ch\/de\/wp-json\/wp\/v2\/media?parent=537"}],"curies":[{"name":"wp","href":"https:\/\/api.w.org\/{rel}","templated":true}]}}