{"id":415,"date":"2022-01-16T21:27:33","date_gmt":"2022-01-16T20:27:33","guid":{"rendered":"https:\/\/topanica.ch\/?page_id=415"},"modified":"2024-02-11T00:53:18","modified_gmt":"2024-02-10T23:53:18","slug":"login","status":"publish","type":"page","link":"https:\/\/topanica.ch\/al\/login\/","title":{"rendered":"Regjistrohu"},"content":{"rendered":"<p>T\u00eb nderuar An\u00ebtar t\u00eb shoqates topanica.<\/p>\n<p>Ju lutemi qe t\u00eb regjistroheni te shoqata topanica, q\u00ebllimi \u00ebsht\u00eb q\u00eb n\u00eb t\u00eb ardhmen t\u00eb na mundesoni q\u00eb Ftesat, informacionet e reja, Pagesen vjetore t\u00eb mundemi n\u00eb m\u00ebnyr elektronike t\u00eb jav dergojm.<\/p>\n<div class=\"wpforms-container wpforms-container-full\" id=\"wpforms-6200\"><form id=\"wpforms-form-6200\" class=\"wpforms-validate wpforms-form wpforms-ajax-form\" data-formid=\"6200\" method=\"post\" enctype=\"multipart\/form-data\" action=\"\/al\/wp-json\/wp\/v2\/pages\/415\" data-token=\"b6994cdffa61d0a34bc8c1511c4dc5c6\" data-token-time=\"1778700759\"><noscript class=\"wpforms-error-noscript\">Please enable JavaScript in your browser to complete this form.<\/noscript><div class=\"wpforms-field-container\"><div id=\"wpforms-6200-field_19-container\" class=\"wpforms-field wpforms-field-text wpforms-one-half\" data-field-id=\"19\"><label class=\"wpforms-field-label\" for=\"wpforms-6200-field_19\">Emri <span class=\"wpforms-required-label\">*<\/span><\/label><input type=\"text\" id=\"wpforms-6200-field_19\" class=\"wpforms-field-medium wpforms-field-required\" name=\"wpforms[fields][19]\" required><\/div><div id=\"wpforms-6200-field_22-container\" class=\"wpforms-field wpforms-field-text wpforms-one-half\" data-field-id=\"22\"><label class=\"wpforms-field-label\" for=\"wpforms-6200-field_22\">Emri i Prindit <span class=\"wpforms-required-label\">*<\/span><\/label><input type=\"text\" id=\"wpforms-6200-field_22\" class=\"wpforms-field-medium wpforms-field-required\" name=\"wpforms[fields][22]\" required><\/div><div id=\"wpforms-6200-field_23-container\" class=\"wpforms-field wpforms-field-text wpforms-one-half\" data-field-id=\"23\"><label class=\"wpforms-field-label\" for=\"wpforms-6200-field_23\">Mbiemri <span class=\"wpforms-required-label\">*<\/span><\/label><input type=\"text\" id=\"wpforms-6200-field_23\" class=\"wpforms-field-medium wpforms-field-required\" name=\"wpforms[fields][23]\" required><\/div><div id=\"wpforms-6200-field_10-container\" class=\"wpforms-field wpforms-field-text wpforms-one-half wpforms-first\" data-field-id=\"10\"><label class=\"wpforms-field-label\" for=\"wpforms-6200-field_10\">Rruga dhe Nr. <span class=\"wpforms-required-label\">*<\/span><\/label><input type=\"text\" id=\"wpforms-6200-field_10\" class=\"wpforms-field-large wpforms-field-required\" name=\"wpforms[fields][10]\" required><\/div><div id=\"wpforms-6200-field_11-container\" class=\"wpforms-field wpforms-field-text wpforms-one-half\" data-field-id=\"11\"><label class=\"wpforms-field-label\" for=\"wpforms-6200-field_11\">PLZ <span class=\"wpforms-required-label\">*<\/span><\/label><input type=\"text\" id=\"wpforms-6200-field_11\" class=\"wpforms-field-large wpforms-field-required\" name=\"wpforms[fields][11]\" required><\/div><div id=\"wpforms-6200-field_17-container\" class=\"wpforms-field wpforms-field-text wpforms-one-half wpforms-first\" data-field-id=\"17\"><label class=\"wpforms-field-label\" for=\"wpforms-6200-field_17\">Qyteti <span class=\"wpforms-required-label\">*<\/span><\/label><input type=\"text\" id=\"wpforms-6200-field_17\" class=\"wpforms-field-large wpforms-field-required\" name=\"wpforms[fields][17]\" required><\/div><div id=\"wpforms-6200-field_12-container\" class=\"wpforms-field wpforms-field-text wpforms-one-half\" data-field-id=\"12\"><label class=\"wpforms-field-label\" for=\"wpforms-6200-field_12\">Shteti <span class=\"wpforms-required-label\">*<\/span><\/label><input type=\"text\" id=\"wpforms-6200-field_12\" class=\"wpforms-field-large wpforms-field-required\" name=\"wpforms[fields][12]\" required><\/div><div id=\"wpforms-6200-field_4-container\" class=\"wpforms-field wpforms-field-email wpforms-one-half wpforms-first\" data-field-id=\"4\"><label class=\"wpforms-field-label\" for=\"wpforms-6200-field_4\">E-Mail <span class=\"wpforms-required-label\">*<\/span><\/label><input type=\"email\" id=\"wpforms-6200-field_4\" class=\"wpforms-field-large wpforms-field-required\" name=\"wpforms[fields][4]\" spellcheck=\"false\" required><\/div><div id=\"wpforms-6200-field_14-container\" class=\"wpforms-field wpforms-field-text wpforms-one-half\" data-field-id=\"14\"><label class=\"wpforms-field-label\" for=\"wpforms-6200-field_14\">Telefoni <span class=\"wpforms-required-label\">*<\/span><\/label><input type=\"text\" id=\"wpforms-6200-field_14\" class=\"wpforms-field-large wpforms-field-required\" name=\"wpforms[fields][14]\" required><\/div><div id=\"wpforms-6200-field_13-container\" class=\"wpforms-field wpforms-field-textarea\" data-field-id=\"13\"><label class=\"wpforms-field-label\" for=\"wpforms-6200-field_13\">Mesazhi<\/label><textarea id=\"wpforms-6200-field_13\" class=\"wpforms-field-medium\" name=\"wpforms[fields][13]\" ><\/textarea><\/div><div id=\"wpforms-6200-field_16-container\" class=\"wpforms-field wpforms-field-gdpr-checkbox\" data-field-id=\"16\"><label class=\"wpforms-field-label\">Datenschutzerkl\u00e4rung zeigen <span class=\"wpforms-required-label\">*<\/span><\/label><ul id=\"wpforms-6200-field_16\" class=\"wpforms-field-required\"><li class=\"choice-1\"><input type=\"checkbox\" id=\"wpforms-6200-field_16_1\" name=\"wpforms[fields][16][]\" value=\"Bitte best\u00e4tige, dass du unserer Datenschutzerkl\u00e4rung zustimmst\" required ><label class=\"wpforms-field-label-inline\" for=\"wpforms-6200-field_16_1\">Bitte best\u00e4tige, dass du unserer Datenschutzerkl\u00e4rung zustimmst<\/label><\/li><\/ul><\/div><\/div><!-- .wpforms-field-container --><div class=\"wpforms-submit-container\" ><input type=\"hidden\" name=\"wpforms[id]\" value=\"6200\"><input type=\"hidden\" name=\"page_title\" value=\"\"><input type=\"hidden\" name=\"page_url\" value=\"https:\/\/topanica.ch\/al\/wp-json\/wp\/v2\/pages\/415\"><button type=\"submit\" name=\"wpforms[submit]\" id=\"wpforms-submit-6200\" class=\"wpforms-submit\" data-alt-text=\"Senden\u2026\" data-submit-text=\"Dergo\" aria-live=\"assertive\" value=\"wpforms-submit\">Dergo<\/button><img decoding=\"async\" src=\"https:\/\/topanica.ch\/wp-content\/plugins\/wpforms-lite\/assets\/images\/submit-spin.svg\" class=\"wpforms-submit-spinner\" style=\"display: none;\" width=\"26\" height=\"26\" alt=\"Loading\"><\/div><\/form><\/div>  <!-- .wpforms-container -->\n","protected":false},"excerpt":{"rendered":"<p>T\u00eb nderuar An\u00ebtar t\u00eb shoqates topanica. Ju lutemi qe t\u00eb regjistroheni te shoqata topanica, q\u00ebllimi \u00ebsht\u00eb q\u00eb n\u00eb t\u00eb ardhmen t\u00eb na mundesoni q\u00eb Ftesat, informacionet e reja, Pagesen vjetore t\u00eb mundemi n\u00eb m\u00ebnyr elektronike t\u00eb jav dergojm.<\/p>\n","protected":false},"author":1,"featured_media":0,"parent":0,"menu_order":0,"comment_status":"closed","ping_status":"closed","template":"","meta":{"ocean_post_layout":"","ocean_both_sidebars_style":"","ocean_both_sidebars_content_width":0,"ocean_both_sidebars_sidebars_width":0,"ocean_sidebar":"","ocean_second_sidebar":"","ocean_disable_margins":"enable","ocean_add_body_class":"","ocean_shortcode_before_top_bar":"","ocean_shortcode_after_top_bar":"","ocean_shortcode_before_header":"","ocean_shortcode_after_header":"","ocean_has_shortcode":"","ocean_shortcode_after_title":"","ocean_shortcode_before_footer_widgets":"","ocean_shortcode_after_footer_widgets":"","ocean_shortcode_before_footer_bottom":"","ocean_shortcode_after_footer_bottom":"","ocean_display_top_bar":"default","ocean_display_header":"default","ocean_header_style":"","ocean_center_header_left_menu":"","ocean_custom_header_template":"","ocean_custom_logo":0,"ocean_custom_retina_logo":0,"ocean_custom_logo_max_width":0,"ocean_custom_logo_tablet_max_width":0,"ocean_custom_logo_mobile_max_width":0,"ocean_custom_logo_max_height":0,"ocean_custom_logo_tablet_max_height":0,"ocean_custom_logo_mobile_max_height":0,"ocean_header_custom_menu":"","ocean_menu_typo_font_family":"","ocean_menu_typo_font_subset":"","ocean_menu_typo_font_size":0,"ocean_menu_typo_font_size_tablet":0,"ocean_menu_typo_font_size_mobile":0,"ocean_menu_typo_font_size_unit":"px","ocean_menu_typo_font_weight":"","ocean_menu_typo_font_weight_tablet":"","ocean_menu_typo_font_weight_mobile":"","ocean_menu_typo_transform":"","ocean_menu_typo_transform_tablet":"","ocean_menu_typo_transform_mobile":"","ocean_menu_typo_line_height":0,"ocean_menu_typo_line_height_tablet":0,"ocean_menu_typo_line_height_mobile":0,"ocean_menu_typo_line_height_unit":"","ocean_menu_typo_spacing":0,"ocean_menu_typo_spacing_tablet":0,"ocean_menu_typo_spacing_mobile":0,"ocean_menu_typo_spacing_unit":"","ocean_menu_link_color":"","ocean_menu_link_color_hover":"","ocean_menu_link_color_active":"","ocean_menu_link_background":"","ocean_menu_link_hover_background":"","ocean_menu_link_active_background":"","ocean_menu_social_links_bg":"","ocean_menu_social_hover_links_bg":"","ocean_menu_social_links_color":"","ocean_menu_social_hover_links_color":"","ocean_disable_title":"default","ocean_disable_heading":"default","ocean_post_title":"","ocean_post_subheading":"","ocean_post_title_style":"","ocean_post_title_background_color":"","ocean_post_title_background":0,"ocean_post_title_bg_image_position":"","ocean_post_title_bg_image_attachment":"","ocean_post_title_bg_image_repeat":"","ocean_post_title_bg_image_size":"","ocean_post_title_height":0,"ocean_post_title_bg_overlay":0.5,"ocean_post_title_bg_overlay_color":"","ocean_disable_breadcrumbs":"default","ocean_breadcrumbs_color":"","ocean_breadcrumbs_separator_color":"","ocean_breadcrumbs_links_color":"","ocean_breadcrumbs_links_hover_color":"","ocean_display_footer_widgets":"default","ocean_display_footer_bottom":"default","ocean_custom_footer_template":"","footnotes":""},"class_list":["post-415","page","type-page","status-publish","hentry","entry"],"yoast_head":"<!-- This site is optimized with the Yoast SEO plugin v24.5 - https:\/\/yoast.com\/wordpress\/plugins\/seo\/ -->\r\n<title>Regjistrohu - Shoqata Topanica<\/title>\r\n<meta name=\"robots\" content=\"index, follow, max-snippet:-1, max-image-preview:large, max-video-preview:-1\" \/>\r\n<link rel=\"canonical\" href=\"https:\/\/topanica.ch\/al\/login\/\" \/>\r\n<meta property=\"og:locale\" content=\"sq_AL\" \/>\r\n<meta property=\"og:type\" content=\"article\" \/>\r\n<meta property=\"og:title\" content=\"Regjistrohu - Shoqata Topanica\" \/>\r\n<meta property=\"og:description\" content=\"T\u00eb nderuar An\u00ebtar t\u00eb shoqates topanica. Ju lutemi qe t\u00eb regjistroheni te shoqata topanica, q\u00ebllimi \u00ebsht\u00eb q\u00eb n\u00eb t\u00eb ardhmen t\u00eb na mundesoni q\u00eb Ftesat, informacionet e reja, Pagesen vjetore t\u00eb mundemi n\u00eb m\u00ebnyr elektronike t\u00eb jav dergojm.\" \/>\r\n<meta property=\"og:url\" content=\"https:\/\/topanica.ch\/al\/login\/\" \/>\r\n<meta property=\"og:site_name\" content=\"Shoqata Topanica\" \/>\r\n<meta property=\"article:publisher\" content=\"https:\/\/www.facebook.com\/shoqata.topanica\/\" \/>\r\n<meta property=\"article:modified_time\" content=\"2024-02-10T23:53:18+00:00\" \/>\r\n<meta name=\"twitter:card\" content=\"summary_large_image\" \/>\r\n<script type=\"application\/ld+json\" class=\"yoast-schema-graph\">{\"@context\":\"https:\/\/schema.org\",\"@graph\":[{\"@type\":\"WebPage\",\"@id\":\"https:\/\/topanica.ch\/login\/\",\"url\":\"https:\/\/topanica.ch\/login\/\",\"name\":\"Regjistrohu - Shoqata Topanica\",\"isPartOf\":{\"@id\":\"https:\/\/topanica.ch\/#website\"},\"datePublished\":\"2022-01-16T20:27:33+00:00\",\"dateModified\":\"2024-02-10T23:53:18+00:00\",\"breadcrumb\":{\"@id\":\"https:\/\/topanica.ch\/login\/#breadcrumb\"},\"inLanguage\":\"sq\",\"potentialAction\":[{\"@type\":\"ReadAction\",\"target\":[\"https:\/\/topanica.ch\/login\/\"]}]},{\"@type\":\"BreadcrumbList\",\"@id\":\"https:\/\/topanica.ch\/login\/#breadcrumb\",\"itemListElement\":[{\"@type\":\"ListItem\",\"position\":1,\"name\":\"Home\",\"item\":\"https:\/\/topanica.ch\/\"},{\"@type\":\"ListItem\",\"position\":2,\"name\":\"Regjistrohu\"}]},{\"@type\":\"WebSite\",\"@id\":\"https:\/\/topanica.ch\/#website\",\"url\":\"https:\/\/topanica.ch\/\",\"name\":\"Shoqata Topanica\",\"description\":\"\",\"publisher\":{\"@id\":\"https:\/\/topanica.ch\/#organization\"},\"potentialAction\":[{\"@type\":\"SearchAction\",\"target\":{\"@type\":\"EntryPoint\",\"urlTemplate\":\"https:\/\/topanica.ch\/?s={search_term_string}\"},\"query-input\":{\"@type\":\"PropertyValueSpecification\",\"valueRequired\":true,\"valueName\":\"search_term_string\"}}],\"inLanguage\":\"sq\"},{\"@type\":\"Organization\",\"@id\":\"https:\/\/topanica.ch\/#organization\",\"name\":\"Topanica\",\"url\":\"https:\/\/topanica.ch\/\",\"logo\":{\"@type\":\"ImageObject\",\"inLanguage\":\"sq\",\"@id\":\"https:\/\/topanica.ch\/#\/schema\/logo\/image\/\",\"url\":\"https:\/\/topanica.ch\/wp-content\/uploads\/2022\/01\/cropped-topanicaLogo_Shoqata_Topanica_Transparent-e1642349510758.png\",\"contentUrl\":\"https:\/\/topanica.ch\/wp-content\/uploads\/2022\/01\/cropped-topanicaLogo_Shoqata_Topanica_Transparent-e1642349510758.png\",\"width\":120,\"height\":111,\"caption\":\"Topanica\"},\"image\":{\"@id\":\"https:\/\/topanica.ch\/#\/schema\/logo\/image\/\"},\"sameAs\":[\"https:\/\/www.facebook.com\/shoqata.topanica\/\"]}]}<\/script>\r\n<!-- \/ Yoast SEO plugin. -->","yoast_head_json":{"title":"Regjistrohu - Shoqata Topanica","robots":{"index":"index","follow":"follow","max-snippet":"max-snippet:-1","max-image-preview":"max-image-preview:large","max-video-preview":"max-video-preview:-1"},"canonical":"https:\/\/topanica.ch\/al\/login\/","og_locale":"sq_AL","og_type":"article","og_title":"Regjistrohu - Shoqata Topanica","og_description":"T\u00eb nderuar An\u00ebtar t\u00eb shoqates topanica. Ju lutemi qe t\u00eb regjistroheni te shoqata topanica, q\u00ebllimi \u00ebsht\u00eb q\u00eb n\u00eb t\u00eb ardhmen t\u00eb na mundesoni q\u00eb Ftesat, informacionet e reja, Pagesen vjetore t\u00eb mundemi n\u00eb m\u00ebnyr elektronike t\u00eb jav dergojm.","og_url":"https:\/\/topanica.ch\/al\/login\/","og_site_name":"Shoqata Topanica","article_publisher":"https:\/\/www.facebook.com\/shoqata.topanica\/","article_modified_time":"2024-02-10T23:53:18+00:00","twitter_card":"summary_large_image","schema":{"@context":"https:\/\/schema.org","@graph":[{"@type":"WebPage","@id":"https:\/\/topanica.ch\/login\/","url":"https:\/\/topanica.ch\/login\/","name":"Regjistrohu - Shoqata Topanica","isPartOf":{"@id":"https:\/\/topanica.ch\/#website"},"datePublished":"2022-01-16T20:27:33+00:00","dateModified":"2024-02-10T23:53:18+00:00","breadcrumb":{"@id":"https:\/\/topanica.ch\/login\/#breadcrumb"},"inLanguage":"sq","potentialAction":[{"@type":"ReadAction","target":["https:\/\/topanica.ch\/login\/"]}]},{"@type":"BreadcrumbList","@id":"https:\/\/topanica.ch\/login\/#breadcrumb","itemListElement":[{"@type":"ListItem","position":1,"name":"Home","item":"https:\/\/topanica.ch\/"},{"@type":"ListItem","position":2,"name":"Regjistrohu"}]},{"@type":"WebSite","@id":"https:\/\/topanica.ch\/#website","url":"https:\/\/topanica.ch\/","name":"Shoqata Topanica","description":"","publisher":{"@id":"https:\/\/topanica.ch\/#organization"},"potentialAction":[{"@type":"SearchAction","target":{"@type":"EntryPoint","urlTemplate":"https:\/\/topanica.ch\/?s={search_term_string}"},"query-input":{"@type":"PropertyValueSpecification","valueRequired":true,"valueName":"search_term_string"}}],"inLanguage":"sq"},{"@type":"Organization","@id":"https:\/\/topanica.ch\/#organization","name":"Topanica","url":"https:\/\/topanica.ch\/","logo":{"@type":"ImageObject","inLanguage":"sq","@id":"https:\/\/topanica.ch\/#\/schema\/logo\/image\/","url":"https:\/\/topanica.ch\/wp-content\/uploads\/2022\/01\/cropped-topanicaLogo_Shoqata_Topanica_Transparent-e1642349510758.png","contentUrl":"https:\/\/topanica.ch\/wp-content\/uploads\/2022\/01\/cropped-topanicaLogo_Shoqata_Topanica_Transparent-e1642349510758.png","width":120,"height":111,"caption":"Topanica"},"image":{"@id":"https:\/\/topanica.ch\/#\/schema\/logo\/image\/"},"sameAs":["https:\/\/www.facebook.com\/shoqata.topanica\/"]}]}},"_links":{"self":[{"href":"https:\/\/topanica.ch\/al\/wp-json\/wp\/v2\/pages\/415","targetHints":{"allow":["GET"]}}],"collection":[{"href":"https:\/\/topanica.ch\/al\/wp-json\/wp\/v2\/pages"}],"about":[{"href":"https:\/\/topanica.ch\/al\/wp-json\/wp\/v2\/types\/page"}],"author":[{"embeddable":true,"href":"https:\/\/topanica.ch\/al\/wp-json\/wp\/v2\/users\/1"}],"replies":[{"embeddable":true,"href":"https:\/\/topanica.ch\/al\/wp-json\/wp\/v2\/comments?post=415"}],"version-history":[{"count":50,"href":"https:\/\/topanica.ch\/al\/wp-json\/wp\/v2\/pages\/415\/revisions"}],"predecessor-version":[{"id":6384,"href":"https:\/\/topanica.ch\/al\/wp-json\/wp\/v2\/pages\/415\/revisions\/6384"}],"wp:attachment":[{"href":"https:\/\/topanica.ch\/al\/wp-json\/wp\/v2\/media?parent=415"}],"curies":[{"name":"wp","href":"https:\/\/api.w.org\/{rel}","templated":true}]}}