{"id":3080,"date":"2022-02-07T13:45:22","date_gmt":"2022-02-07T12:45:22","guid":{"rendered":"https:\/\/topanica.ch\/?page_id=3080"},"modified":"2022-02-07T14:32:01","modified_gmt":"2022-02-07T13:32:01","slug":"2020-2021","status":"publish","type":"page","link":"https:\/\/topanica.ch\/al\/2020-2021\/","title":{"rendered":"2020\/2021"},"content":{"rendered":"<h1 style=\"text-align: center;\">Stafi i kryesis\u00eb s\u00eb shoqat\u00ebs Topanica 2020\/2021 n\u00eb Zvic\u00ebr<\/h1>\n<table width=\"366\">\n<tbody>\n<tr>\n<td colspan=\"4\" width=\"366\">Zgjedhja e Kryesis\u00eb 2020-2021<\/td>\n<\/tr>\n<tr>\n<td>\u00a0<\/td>\n<td>\u00a0<\/td>\n<td>\u00a0<\/td>\n<td>\u00a0<\/td>\n<\/tr>\n<tr>\n<td>Posti<\/td>\n<td>Emri<\/td>\n<td>Emri i Prindit<\/td>\n<td>Mbiemri<\/td>\n<\/tr>\n<tr>\n<td>Kryetar<\/td>\n<td>Nehat<\/td>\n<td>Adil<\/td>\n<td>Morina<\/td>\n<\/tr>\n<tr>\n<td>Sekretar<\/td>\n<td>Ilmi<\/td>\n<td>Idriz<\/td>\n<td>Morina<\/td>\n<\/tr>\n<tr>\n<td>Arkatar<\/td>\n<td>Naim<\/td>\n<td>Begzad<\/td>\n<td>Kubova<\/td>\n<\/tr>\n<tr>\n<td>\u00a0<\/td>\n<td>\u00a0<\/td>\n<td>\u00a0<\/td>\n<td>\u00a0<\/td>\n<\/tr>\n<tr>\n<td>Antar te Kryesis\u00eb<\/td>\n<td>\u00a0<\/td>\n<td>\u00a0<\/td>\n<td>\u00a0<\/td>\n<\/tr>\n<tr>\n<td>\u00a0<\/td>\n<td>Kadrush<\/td>\n<td>Hevzi<\/td>\n<td>Shala<\/td>\n<\/tr>\n<tr>\n<td>\u00a0<\/td>\n<td>Nagip<\/td>\n<td>Begzad<\/td>\n<td>Murina<\/td>\n<\/tr>\n<tr>\n<td>\u00a0<\/td>\n<td>Burhan<\/td>\n<td>Avni<\/td>\n<td>Murina<\/td>\n<\/tr>\n<tr>\n<td>\u00a0<\/td>\n<td>Besnik<\/td>\n<td>Mumin<\/td>\n<td>Morina<\/td>\n<\/tr>\n<tr>\n<td>\u00a0<\/td>\n<td>Ahmet<\/td>\n<td>Rexhep<\/td>\n<td>Murina<\/td>\n<\/tr>\n<tr>\n<td>\u00a0<\/td>\n<td>Irfan<\/td>\n<td>Ramadan<\/td>\n<td>Morina<\/td>\n<\/tr>\n<tr>\n<td>\u00a0<\/td>\n<td>Halil<\/td>\n<td>Ramiz<\/td>\n<td>Zubaku<\/td>\n<\/tr>\n<tr>\n<td>\u00a0<\/td>\n<td>Zeqirja<\/td>\n<td>Adil<\/td>\n<td>Zubaku<\/td>\n<\/tr>\n<tr>\n<td>Organisime<\/td>\n<td>\u00a0<\/td>\n<td>\u00a0<\/td>\n<td>\u00a0<\/td>\n<\/tr>\n<tr>\n<td>Teamleiter<\/td>\n<td>Ragip<\/td>\n<td>Fehmi<\/td>\n<td>Morina<\/td>\n<\/tr>\n<tr>\n<td>\u00a0<\/td>\n<td>Ahmet<\/td>\n<td>Avdylaziz<\/td>\n<td>Shehu<\/td>\n<\/tr>\n<tr>\n<td>\u00a0<\/td>\n<td>Valton<\/td>\n<td>Rafet<\/td>\n<td>Morina<\/td>\n<\/tr>\n<tr>\n<td>\u00a0<\/td>\n<td>\u00a0<\/td>\n<td>\u00a0<\/td>\n<td>\u00a0<\/td>\n<\/tr>\n<tr>\n<td>Revizor<\/td>\n<td>\u00a0<\/td>\n<td>\u00a0<\/td>\n<td>\u00a0<\/td>\n<\/tr>\n<tr>\n<td>\u00a0<\/td>\n<td>Burhan<\/td>\n<td>Mehmet<\/td>\n<td>Morina<\/td>\n<\/tr>\n<tr>\n<td>\u00a0<\/td>\n<td>Valton<\/td>\n<td>Jakup<\/td>\n<td>Zubaku<\/td>\n<\/tr>\n<\/tbody>\n<\/table>\n","protected":false},"excerpt":{"rendered":"<p>Stafi i kryesis\u00eb s\u00eb shoqat\u00ebs Topanica 2020\/2021 n\u00eb Zvic\u00ebr Zgjedhja e Kryesis\u00eb 2020-2021 \u00a0 \u00a0 \u00a0 \u00a0 Posti Emri Emri i Prindit Mbiemri Kryetar Nehat Adil Morina Sekretar Ilmi Idriz Morina Arkatar Naim Begzad Kubova \u00a0 \u00a0 \u00a0 \u00a0 Antar te Kryesis\u00eb \u00a0 \u00a0 \u00a0 \u00a0 Kadrush Hevzi Shala \u00a0 Nagip Begzad Murina \u00a0 Burhan [&hellip;]<\/p>\n","protected":false},"author":1,"featured_media":0,"parent":0,"menu_order":0,"comment_status":"closed","ping_status":"closed","template":"","meta":{"ocean_post_layout":"","ocean_both_sidebars_style":"","ocean_both_sidebars_content_width":0,"ocean_both_sidebars_sidebars_width":0,"ocean_sidebar":"","ocean_second_sidebar":"","ocean_disable_margins":"enable","ocean_add_body_class":"","ocean_shortcode_before_top_bar":"","ocean_shortcode_after_top_bar":"","ocean_shortcode_before_header":"","ocean_shortcode_after_header":"","ocean_has_shortcode":"","ocean_shortcode_after_title":"","ocean_shortcode_before_footer_widgets":"","ocean_shortcode_after_footer_widgets":"","ocean_shortcode_before_footer_bottom":"","ocean_shortcode_after_footer_bottom":"","ocean_display_top_bar":"default","ocean_display_header":"default","ocean_header_style":"","ocean_center_header_left_menu":"","ocean_custom_header_template":"","ocean_custom_logo":0,"ocean_custom_retina_logo":0,"ocean_custom_logo_max_width":0,"ocean_custom_logo_tablet_max_width":0,"ocean_custom_logo_mobile_max_width":0,"ocean_custom_logo_max_height":0,"ocean_custom_logo_tablet_max_height":0,"ocean_custom_logo_mobile_max_height":0,"ocean_header_custom_menu":"","ocean_menu_typo_font_family":"","ocean_menu_typo_font_subset":"","ocean_menu_typo_font_size":0,"ocean_menu_typo_font_size_tablet":0,"ocean_menu_typo_font_size_mobile":0,"ocean_menu_typo_font_size_unit":"px","ocean_menu_typo_font_weight":"","ocean_menu_typo_font_weight_tablet":"","ocean_menu_typo_font_weight_mobile":"","ocean_menu_typo_transform":"","ocean_menu_typo_transform_tablet":"","ocean_menu_typo_transform_mobile":"","ocean_menu_typo_line_height":0,"ocean_menu_typo_line_height_tablet":0,"ocean_menu_typo_line_height_mobile":0,"ocean_menu_typo_line_height_unit":"","ocean_menu_typo_spacing":0,"ocean_menu_typo_spacing_tablet":0,"ocean_menu_typo_spacing_mobile":0,"ocean_menu_typo_spacing_unit":"","ocean_menu_link_color":"","ocean_menu_link_color_hover":"","ocean_menu_link_color_active":"","ocean_menu_link_background":"","ocean_menu_link_hover_background":"","ocean_menu_link_active_background":"","ocean_menu_social_links_bg":"","ocean_menu_social_hover_links_bg":"","ocean_menu_social_links_color":"","ocean_menu_social_hover_links_color":"","ocean_disable_title":"default","ocean_disable_heading":"default","ocean_post_title":"","ocean_post_subheading":"","ocean_post_title_style":"","ocean_post_title_background_color":"","ocean_post_title_background":0,"ocean_post_title_bg_image_position":"","ocean_post_title_bg_image_attachment":"","ocean_post_title_bg_image_repeat":"","ocean_post_title_bg_image_size":"","ocean_post_title_height":0,"ocean_post_title_bg_overlay":0.5,"ocean_post_title_bg_overlay_color":"","ocean_disable_breadcrumbs":"default","ocean_breadcrumbs_color":"","ocean_breadcrumbs_separator_color":"","ocean_breadcrumbs_links_color":"","ocean_breadcrumbs_links_hover_color":"","ocean_display_footer_widgets":"default","ocean_display_footer_bottom":"default","ocean_custom_footer_template":"","footnotes":""},"class_list":["post-3080","page","type-page","status-publish","hentry","entry"],"yoast_head":"<!-- This site is optimized with the Yoast SEO plugin v24.5 - https:\/\/yoast.com\/wordpress\/plugins\/seo\/ -->\r\n<title>2020\/2021 - Shoqata Topanica<\/title>\r\n<meta name=\"robots\" content=\"index, follow, max-snippet:-1, max-image-preview:large, max-video-preview:-1\" \/>\r\n<link rel=\"canonical\" href=\"https:\/\/topanica.ch\/al\/2020-2021\/\" \/>\r\n<meta property=\"og:locale\" content=\"sq_AL\" \/>\r\n<meta property=\"og:type\" content=\"article\" \/>\r\n<meta property=\"og:title\" content=\"2020\/2021 - Shoqata Topanica\" \/>\r\n<meta property=\"og:description\" content=\"Stafi i kryesis\u00eb s\u00eb shoqat\u00ebs Topanica 2020\/2021 n\u00eb Zvic\u00ebr Zgjedhja e Kryesis\u00eb 2020-2021 \u00a0 \u00a0 \u00a0 \u00a0 Posti Emri Emri i Prindit Mbiemri Kryetar Nehat Adil Morina Sekretar Ilmi Idriz Morina Arkatar Naim Begzad Kubova \u00a0 \u00a0 \u00a0 \u00a0 Antar te Kryesis\u00eb \u00a0 \u00a0 \u00a0 \u00a0 Kadrush Hevzi Shala \u00a0 Nagip Begzad Murina \u00a0 Burhan [&hellip;]\" \/>\r\n<meta property=\"og:url\" content=\"https:\/\/topanica.ch\/al\/2020-2021\/\" \/>\r\n<meta property=\"og:site_name\" content=\"Shoqata Topanica\" \/>\r\n<meta property=\"article:publisher\" content=\"https:\/\/www.facebook.com\/shoqata.topanica\/\" \/>\r\n<meta property=\"article:modified_time\" content=\"2022-02-07T13:32:01+00:00\" \/>\r\n<meta name=\"twitter:card\" content=\"summary_large_image\" \/>\r\n<script type=\"application\/ld+json\" class=\"yoast-schema-graph\">{\"@context\":\"https:\/\/schema.org\",\"@graph\":[{\"@type\":\"WebPage\",\"@id\":\"https:\/\/topanica.ch\/2020-2021\/\",\"url\":\"https:\/\/topanica.ch\/2020-2021\/\",\"name\":\"2020\/2021 - Shoqata Topanica\",\"isPartOf\":{\"@id\":\"https:\/\/topanica.ch\/#website\"},\"datePublished\":\"2022-02-07T12:45:22+00:00\",\"dateModified\":\"2022-02-07T13:32:01+00:00\",\"breadcrumb\":{\"@id\":\"https:\/\/topanica.ch\/2020-2021\/#breadcrumb\"},\"inLanguage\":\"sq\",\"potentialAction\":[{\"@type\":\"ReadAction\",\"target\":[\"https:\/\/topanica.ch\/2020-2021\/\"]}]},{\"@type\":\"BreadcrumbList\",\"@id\":\"https:\/\/topanica.ch\/2020-2021\/#breadcrumb\",\"itemListElement\":[{\"@type\":\"ListItem\",\"position\":1,\"name\":\"Home\",\"item\":\"https:\/\/topanica.ch\/\"},{\"@type\":\"ListItem\",\"position\":2,\"name\":\"2020\/2021\"}]},{\"@type\":\"WebSite\",\"@id\":\"https:\/\/topanica.ch\/#website\",\"url\":\"https:\/\/topanica.ch\/\",\"name\":\"Shoqata Topanica\",\"description\":\"\",\"publisher\":{\"@id\":\"https:\/\/topanica.ch\/#organization\"},\"potentialAction\":[{\"@type\":\"SearchAction\",\"target\":{\"@type\":\"EntryPoint\",\"urlTemplate\":\"https:\/\/topanica.ch\/?s={search_term_string}\"},\"query-input\":{\"@type\":\"PropertyValueSpecification\",\"valueRequired\":true,\"valueName\":\"search_term_string\"}}],\"inLanguage\":\"sq\"},{\"@type\":\"Organization\",\"@id\":\"https:\/\/topanica.ch\/#organization\",\"name\":\"Topanica\",\"url\":\"https:\/\/topanica.ch\/\",\"logo\":{\"@type\":\"ImageObject\",\"inLanguage\":\"sq\",\"@id\":\"https:\/\/topanica.ch\/#\/schema\/logo\/image\/\",\"url\":\"https:\/\/topanica.ch\/wp-content\/uploads\/2022\/01\/cropped-topanicaLogo_Shoqata_Topanica_Transparent-e1642349510758.png\",\"contentUrl\":\"https:\/\/topanica.ch\/wp-content\/uploads\/2022\/01\/cropped-topanicaLogo_Shoqata_Topanica_Transparent-e1642349510758.png\",\"width\":120,\"height\":111,\"caption\":\"Topanica\"},\"image\":{\"@id\":\"https:\/\/topanica.ch\/#\/schema\/logo\/image\/\"},\"sameAs\":[\"https:\/\/www.facebook.com\/shoqata.topanica\/\"]}]}<\/script>\r\n<!-- \/ Yoast SEO plugin. -->","yoast_head_json":{"title":"2020\/2021 - Shoqata Topanica","robots":{"index":"index","follow":"follow","max-snippet":"max-snippet:-1","max-image-preview":"max-image-preview:large","max-video-preview":"max-video-preview:-1"},"canonical":"https:\/\/topanica.ch\/al\/2020-2021\/","og_locale":"sq_AL","og_type":"article","og_title":"2020\/2021 - Shoqata Topanica","og_description":"Stafi i kryesis\u00eb s\u00eb shoqat\u00ebs Topanica 2020\/2021 n\u00eb Zvic\u00ebr Zgjedhja e Kryesis\u00eb 2020-2021 \u00a0 \u00a0 \u00a0 \u00a0 Posti Emri Emri i Prindit Mbiemri Kryetar Nehat Adil Morina Sekretar Ilmi Idriz Morina Arkatar Naim Begzad Kubova \u00a0 \u00a0 \u00a0 \u00a0 Antar te Kryesis\u00eb \u00a0 \u00a0 \u00a0 \u00a0 Kadrush Hevzi Shala \u00a0 Nagip Begzad Murina \u00a0 Burhan [&hellip;]","og_url":"https:\/\/topanica.ch\/al\/2020-2021\/","og_site_name":"Shoqata Topanica","article_publisher":"https:\/\/www.facebook.com\/shoqata.topanica\/","article_modified_time":"2022-02-07T13:32:01+00:00","twitter_card":"summary_large_image","schema":{"@context":"https:\/\/schema.org","@graph":[{"@type":"WebPage","@id":"https:\/\/topanica.ch\/2020-2021\/","url":"https:\/\/topanica.ch\/2020-2021\/","name":"2020\/2021 - Shoqata Topanica","isPartOf":{"@id":"https:\/\/topanica.ch\/#website"},"datePublished":"2022-02-07T12:45:22+00:00","dateModified":"2022-02-07T13:32:01+00:00","breadcrumb":{"@id":"https:\/\/topanica.ch\/2020-2021\/#breadcrumb"},"inLanguage":"sq","potentialAction":[{"@type":"ReadAction","target":["https:\/\/topanica.ch\/2020-2021\/"]}]},{"@type":"BreadcrumbList","@id":"https:\/\/topanica.ch\/2020-2021\/#breadcrumb","itemListElement":[{"@type":"ListItem","position":1,"name":"Home","item":"https:\/\/topanica.ch\/"},{"@type":"ListItem","position":2,"name":"2020\/2021"}]},{"@type":"WebSite","@id":"https:\/\/topanica.ch\/#website","url":"https:\/\/topanica.ch\/","name":"Shoqata Topanica","description":"","publisher":{"@id":"https:\/\/topanica.ch\/#organization"},"potentialAction":[{"@type":"SearchAction","target":{"@type":"EntryPoint","urlTemplate":"https:\/\/topanica.ch\/?s={search_term_string}"},"query-input":{"@type":"PropertyValueSpecification","valueRequired":true,"valueName":"search_term_string"}}],"inLanguage":"sq"},{"@type":"Organization","@id":"https:\/\/topanica.ch\/#organization","name":"Topanica","url":"https:\/\/topanica.ch\/","logo":{"@type":"ImageObject","inLanguage":"sq","@id":"https:\/\/topanica.ch\/#\/schema\/logo\/image\/","url":"https:\/\/topanica.ch\/wp-content\/uploads\/2022\/01\/cropped-topanicaLogo_Shoqata_Topanica_Transparent-e1642349510758.png","contentUrl":"https:\/\/topanica.ch\/wp-content\/uploads\/2022\/01\/cropped-topanicaLogo_Shoqata_Topanica_Transparent-e1642349510758.png","width":120,"height":111,"caption":"Topanica"},"image":{"@id":"https:\/\/topanica.ch\/#\/schema\/logo\/image\/"},"sameAs":["https:\/\/www.facebook.com\/shoqata.topanica\/"]}]}},"_links":{"self":[{"href":"https:\/\/topanica.ch\/al\/wp-json\/wp\/v2\/pages\/3080","targetHints":{"allow":["GET"]}}],"collection":[{"href":"https:\/\/topanica.ch\/al\/wp-json\/wp\/v2\/pages"}],"about":[{"href":"https:\/\/topanica.ch\/al\/wp-json\/wp\/v2\/types\/page"}],"author":[{"embeddable":true,"href":"https:\/\/topanica.ch\/al\/wp-json\/wp\/v2\/users\/1"}],"replies":[{"embeddable":true,"href":"https:\/\/topanica.ch\/al\/wp-json\/wp\/v2\/comments?post=3080"}],"version-history":[{"count":17,"href":"https:\/\/topanica.ch\/al\/wp-json\/wp\/v2\/pages\/3080\/revisions"}],"predecessor-version":[{"id":3136,"href":"https:\/\/topanica.ch\/al\/wp-json\/wp\/v2\/pages\/3080\/revisions\/3136"}],"wp:attachment":[{"href":"https:\/\/topanica.ch\/al\/wp-json\/wp\/v2\/media?parent=3080"}],"curies":[{"name":"wp","href":"https:\/\/api.w.org\/{rel}","templated":true}]}}