{"id":113,"date":"2022-01-16T18:14:02","date_gmt":"2022-01-16T17:14:02","guid":{"rendered":"https:\/\/topanica.ch\/?page_id=113"},"modified":"2025-02-16T18:43:30","modified_gmt":"2025-02-16T17:43:30","slug":"daljet","status":"publish","type":"page","link":"https:\/\/topanica.ch\/al\/daljet\/","title":{"rendered":"Daljet"},"content":{"rendered":"","protected":true},"excerpt":{"rendered":"","protected":true},"author":1,"featured_media":0,"parent":0,"menu_order":0,"comment_status":"closed","ping_status":"closed","template":"","meta":{"ocean_post_layout":"","ocean_both_sidebars_style":"","ocean_both_sidebars_content_width":0,"ocean_both_sidebars_sidebars_width":0,"ocean_sidebar":"","ocean_second_sidebar":"","ocean_disable_margins":"enable","ocean_add_body_class":"","ocean_shortcode_before_top_bar":"","ocean_shortcode_after_top_bar":"","ocean_shortcode_before_header":"","ocean_shortcode_after_header":"","ocean_has_shortcode":"","ocean_shortcode_after_title":"","ocean_shortcode_before_footer_widgets":"","ocean_shortcode_after_footer_widgets":"","ocean_shortcode_before_footer_bottom":"","ocean_shortcode_after_footer_bottom":"","ocean_display_top_bar":"default","ocean_display_header":"default","ocean_header_style":"","ocean_center_header_left_menu":"","ocean_custom_header_template":"","ocean_custom_logo":0,"ocean_custom_retina_logo":0,"ocean_custom_logo_max_width":0,"ocean_custom_logo_tablet_max_width":0,"ocean_custom_logo_mobile_max_width":0,"ocean_custom_logo_max_height":0,"ocean_custom_logo_tablet_max_height":0,"ocean_custom_logo_mobile_max_height":0,"ocean_header_custom_menu":"","ocean_menu_typo_font_family":"","ocean_menu_typo_font_subset":"","ocean_menu_typo_font_size":0,"ocean_menu_typo_font_size_tablet":0,"ocean_menu_typo_font_size_mobile":0,"ocean_menu_typo_font_size_unit":"px","ocean_menu_typo_font_weight":"","ocean_menu_typo_font_weight_tablet":"","ocean_menu_typo_font_weight_mobile":"","ocean_menu_typo_transform":"","ocean_menu_typo_transform_tablet":"","ocean_menu_typo_transform_mobile":"","ocean_menu_typo_line_height":0,"ocean_menu_typo_line_height_tablet":0,"ocean_menu_typo_line_height_mobile":0,"ocean_menu_typo_line_height_unit":"","ocean_menu_typo_spacing":0,"ocean_menu_typo_spacing_tablet":0,"ocean_menu_typo_spacing_mobile":0,"ocean_menu_typo_spacing_unit":"","ocean_menu_link_color":"","ocean_menu_link_color_hover":"","ocean_menu_link_color_active":"","ocean_menu_link_background":"","ocean_menu_link_hover_background":"","ocean_menu_link_active_background":"","ocean_menu_social_links_bg":"","ocean_menu_social_hover_links_bg":"","ocean_menu_social_links_color":"","ocean_menu_social_hover_links_color":"","ocean_disable_title":"default","ocean_disable_heading":"default","ocean_post_title":"","ocean_post_subheading":"","ocean_post_title_style":"","ocean_post_title_background_color":"","ocean_post_title_background":0,"ocean_post_title_bg_image_position":"","ocean_post_title_bg_image_attachment":"","ocean_post_title_bg_image_repeat":"","ocean_post_title_bg_image_size":"","ocean_post_title_height":0,"ocean_post_title_bg_overlay":0.5,"ocean_post_title_bg_overlay_color":"","ocean_disable_breadcrumbs":"default","ocean_breadcrumbs_color":"","ocean_breadcrumbs_separator_color":"","ocean_breadcrumbs_links_color":"","ocean_breadcrumbs_links_hover_color":"","ocean_display_footer_widgets":"default","ocean_display_footer_bottom":"default","ocean_custom_footer_template":"","footnotes":""},"class_list":["post-113","page","type-page","status-publish","post-password-required","hentry","entry"],"yoast_head":"<!-- This site is optimized with the Yoast SEO plugin v24.5 - https:\/\/yoast.com\/wordpress\/plugins\/seo\/ -->\r\n<title>Daljet - Shoqata Topanica<\/title>\r\n<meta name=\"robots\" content=\"index, follow, max-snippet:-1, max-image-preview:large, max-video-preview:-1\" \/>\r\n<link rel=\"canonical\" href=\"https:\/\/topanica.ch\/al\/daljet\/\" \/>\r\n<meta property=\"og:locale\" content=\"sq_AL\" \/>\r\n<meta property=\"og:type\" content=\"article\" \/>\r\n<meta property=\"og:title\" content=\"Daljet - Shoqata Topanica\" \/>\r\n<meta property=\"og:description\" content=\"S\u2019ka cop\u00ebz, sepse ky \u00ebsht\u00eb postim i mbrojtur.\" \/>\r\n<meta property=\"og:url\" content=\"https:\/\/topanica.ch\/al\/daljet\/\" \/>\r\n<meta property=\"og:site_name\" content=\"Shoqata Topanica\" \/>\r\n<meta property=\"article:publisher\" content=\"https:\/\/www.facebook.com\/shoqata.topanica\/\" \/>\r\n<meta property=\"article:modified_time\" content=\"2025-02-16T17:43:30+00:00\" \/>\r\n<meta name=\"twitter:card\" content=\"summary_large_image\" \/>\r\n<script type=\"application\/ld+json\" class=\"yoast-schema-graph\">{\"@context\":\"https:\/\/schema.org\",\"@graph\":[{\"@type\":\"WebPage\",\"@id\":\"https:\/\/topanica.ch\/daljet\/\",\"url\":\"https:\/\/topanica.ch\/daljet\/\",\"name\":\"Daljet - Shoqata Topanica\",\"isPartOf\":{\"@id\":\"https:\/\/topanica.ch\/#website\"},\"datePublished\":\"2022-01-16T17:14:02+00:00\",\"dateModified\":\"2025-02-16T17:43:30+00:00\",\"breadcrumb\":{\"@id\":\"https:\/\/topanica.ch\/daljet\/#breadcrumb\"},\"inLanguage\":\"sq\"},{\"@type\":\"WebSite\",\"@id\":\"https:\/\/topanica.ch\/#website\",\"url\":\"https:\/\/topanica.ch\/\",\"name\":\"Shoqata Topanica\",\"description\":\"\",\"publisher\":{\"@id\":\"https:\/\/topanica.ch\/#organization\"},\"potentialAction\":[{\"@type\":\"SearchAction\",\"target\":{\"@type\":\"EntryPoint\",\"urlTemplate\":\"https:\/\/topanica.ch\/?s={search_term_string}\"},\"query-input\":{\"@type\":\"PropertyValueSpecification\",\"valueRequired\":true,\"valueName\":\"search_term_string\"}}],\"inLanguage\":\"sq\"},{\"@type\":\"Organization\",\"@id\":\"https:\/\/topanica.ch\/#organization\",\"name\":\"Topanica\",\"url\":\"https:\/\/topanica.ch\/\",\"logo\":{\"@type\":\"ImageObject\",\"inLanguage\":\"sq\",\"@id\":\"https:\/\/topanica.ch\/#\/schema\/logo\/image\/\",\"url\":\"https:\/\/topanica.ch\/wp-content\/uploads\/2022\/01\/cropped-topanicaLogo_Shoqata_Topanica_Transparent-e1642349510758.png\",\"contentUrl\":\"https:\/\/topanica.ch\/wp-content\/uploads\/2022\/01\/cropped-topanicaLogo_Shoqata_Topanica_Transparent-e1642349510758.png\",\"width\":120,\"height\":111,\"caption\":\"Topanica\"},\"image\":{\"@id\":\"https:\/\/topanica.ch\/#\/schema\/logo\/image\/\"},\"sameAs\":[\"https:\/\/www.facebook.com\/shoqata.topanica\/\"]}]}<\/script>\r\n<!-- \/ Yoast SEO plugin. -->","yoast_head_json":{"title":"Daljet - Shoqata Topanica","robots":{"index":"index","follow":"follow","max-snippet":"max-snippet:-1","max-image-preview":"max-image-preview:large","max-video-preview":"max-video-preview:-1"},"canonical":"https:\/\/topanica.ch\/al\/daljet\/","og_locale":"sq_AL","og_type":"article","og_title":"Daljet - Shoqata Topanica","og_description":"S\u2019ka cop\u00ebz, sepse ky \u00ebsht\u00eb postim i mbrojtur.","og_url":"https:\/\/topanica.ch\/al\/daljet\/","og_site_name":"Shoqata Topanica","article_publisher":"https:\/\/www.facebook.com\/shoqata.topanica\/","article_modified_time":"2025-02-16T17:43:30+00:00","twitter_card":"summary_large_image","schema":{"@context":"https:\/\/schema.org","@graph":[{"@type":"WebPage","@id":"https:\/\/topanica.ch\/daljet\/","url":"https:\/\/topanica.ch\/daljet\/","name":"Daljet - Shoqata Topanica","isPartOf":{"@id":"https:\/\/topanica.ch\/#website"},"datePublished":"2022-01-16T17:14:02+00:00","dateModified":"2025-02-16T17:43:30+00:00","breadcrumb":{"@id":"https:\/\/topanica.ch\/daljet\/#breadcrumb"},"inLanguage":"sq"},{"@type":"WebSite","@id":"https:\/\/topanica.ch\/#website","url":"https:\/\/topanica.ch\/","name":"Shoqata Topanica","description":"","publisher":{"@id":"https:\/\/topanica.ch\/#organization"},"potentialAction":[{"@type":"SearchAction","target":{"@type":"EntryPoint","urlTemplate":"https:\/\/topanica.ch\/?s={search_term_string}"},"query-input":{"@type":"PropertyValueSpecification","valueRequired":true,"valueName":"search_term_string"}}],"inLanguage":"sq"},{"@type":"Organization","@id":"https:\/\/topanica.ch\/#organization","name":"Topanica","url":"https:\/\/topanica.ch\/","logo":{"@type":"ImageObject","inLanguage":"sq","@id":"https:\/\/topanica.ch\/#\/schema\/logo\/image\/","url":"https:\/\/topanica.ch\/wp-content\/uploads\/2022\/01\/cropped-topanicaLogo_Shoqata_Topanica_Transparent-e1642349510758.png","contentUrl":"https:\/\/topanica.ch\/wp-content\/uploads\/2022\/01\/cropped-topanicaLogo_Shoqata_Topanica_Transparent-e1642349510758.png","width":120,"height":111,"caption":"Topanica"},"image":{"@id":"https:\/\/topanica.ch\/#\/schema\/logo\/image\/"},"sameAs":["https:\/\/www.facebook.com\/shoqata.topanica\/"]}]}},"_links":{"self":[{"href":"https:\/\/topanica.ch\/al\/wp-json\/wp\/v2\/pages\/113","targetHints":{"allow":["GET"]}}],"collection":[{"href":"https:\/\/topanica.ch\/al\/wp-json\/wp\/v2\/pages"}],"about":[{"href":"https:\/\/topanica.ch\/al\/wp-json\/wp\/v2\/types\/page"}],"author":[{"embeddable":true,"href":"https:\/\/topanica.ch\/al\/wp-json\/wp\/v2\/users\/1"}],"replies":[{"embeddable":true,"href":"https:\/\/topanica.ch\/al\/wp-json\/wp\/v2\/comments?post=113"}],"version-history":[{"count":103,"href":"https:\/\/topanica.ch\/al\/wp-json\/wp\/v2\/pages\/113\/revisions"}],"predecessor-version":[{"id":6431,"href":"https:\/\/topanica.ch\/al\/wp-json\/wp\/v2\/pages\/113\/revisions\/6431"}],"wp:attachment":[{"href":"https:\/\/topanica.ch\/al\/wp-json\/wp\/v2\/media?parent=113"}],"curies":[{"name":"wp","href":"https:\/\/api.w.org\/{rel}","templated":true}]}}